{"id":27,"date":"2014-04-01T14:58:58","date_gmt":"2014-04-01T14:58:58","guid":{"rendered":"http:\/\/cordeldeachados.com.br\/?page_id=27"},"modified":"2015-12-17T05:09:44","modified_gmt":"2015-12-17T05:09:44","slug":"produtos","status":"publish","type":"page","link":"http:\/\/www.cordeldeachados.com.br\/novo\/produtos\/","title":{"rendered":"Produtos: design com tempero"},"content":{"rendered":"<h3>Desenhadas por Andr\u00e9 Bastos e Guilherme Leite Ribeiro, do est\u00fadio <a href=\"http:\/\/www.cordeldeachados.com.br\/novo\/papo-cabeca-com-guilherme-e-andre-do-estudio-nada-se-leva\/?preview=true&amp;preview_id=250&amp;preview_nonce=69a628c0c0&amp;post_format=standard\" target=\"_blank\">Nada Se Leva<\/a>, escolhemos 14 pe\u00e7as para voc\u00ea curtir, namorar e levar para casa!<\/h3>\n<p><span style=\"font-size: small;\">Por Thamires Motta\/ Fotos Divulga\u00e7\u00e3o<\/span><\/p>\n<div id=\"attachment_1225\" style=\"width: 310px\" class=\"wp-caption aligncenter\"><a href=\"http:\/\/www.cordeldeachados.com.br\/novo\/wp-content\/uploads\/2015\/08\/DSC_7316_-e1440612473247.jpg\"><img loading=\"lazy\" decoding=\"async\" aria-describedby=\"caption-attachment-1225\" class=\"wp-image-1225 size-medium\" src=\"http:\/\/www.cordeldeachados.com.br\/novo\/wp-content\/uploads\/2015\/08\/DSC_7316_-300x199.jpg\" alt=\"Mesa Kit, na Vermeil.\" width=\"300\" height=\"199\" \/><\/a><p id=\"caption-attachment-1225\" class=\"wp-caption-text\">Kit, para Vermeil.<\/p><\/div>\n<p>&nbsp;<\/p>\n<div id=\"attachment_1242\" style=\"width: 310px\" class=\"wp-caption aligncenter\"><a href=\"http:\/\/www.cordeldeachados.com.br\/novo\/wp-content\/uploads\/2014\/04\/DSC_7320.jpg\"><img loading=\"lazy\" decoding=\"async\" aria-describedby=\"caption-attachment-1242\" class=\"size-medium wp-image-1242\" src=\"http:\/\/www.cordeldeachados.com.br\/novo\/wp-content\/uploads\/2014\/04\/DSC_7320-300x233.jpg\" alt=\"Imagem de Modus, para Vermeil\" width=\"300\" height=\"233\" srcset=\"http:\/\/www.cordeldeachados.com.br\/novo\/wp-content\/uploads\/2014\/04\/DSC_7320-300x233.jpg 300w, http:\/\/www.cordeldeachados.com.br\/novo\/wp-content\/uploads\/2014\/04\/DSC_7320.jpg 500w\" sizes=\"auto, (max-width: 300px) 100vw, 300px\" \/><\/a><p id=\"caption-attachment-1242\" class=\"wp-caption-text\">Modus, na Vermeil<\/p><\/div>\n<p>&nbsp;<\/p>\n<div id=\"attachment_1243\" style=\"width: 310px\" class=\"wp-caption aligncenter\"><a href=\"http:\/\/www.cordeldeachados.com.br\/novo\/wp-content\/uploads\/2014\/04\/DSC_7314.jpg\"><img loading=\"lazy\" decoding=\"async\" aria-describedby=\"caption-attachment-1243\" class=\"size-medium wp-image-1243\" src=\"http:\/\/www.cordeldeachados.com.br\/novo\/wp-content\/uploads\/2014\/04\/DSC_7314-300x96.jpg\" alt=\"Imagem de Kit, para Vermeil\" width=\"300\" height=\"96\" srcset=\"http:\/\/www.cordeldeachados.com.br\/novo\/wp-content\/uploads\/2014\/04\/DSC_7314-300x96.jpg 300w, http:\/\/www.cordeldeachados.com.br\/novo\/wp-content\/uploads\/2014\/04\/DSC_7314.jpg 500w\" sizes=\"auto, (max-width: 300px) 100vw, 300px\" \/><\/a><p id=\"caption-attachment-1243\" class=\"wp-caption-text\">Kit, na Vermeil<\/p><\/div>\n<p>&nbsp;<\/p>\n<div id=\"attachment_1244\" style=\"width: 310px\" class=\"wp-caption aligncenter\"><a href=\"http:\/\/www.cordeldeachados.com.br\/novo\/wp-content\/uploads\/2014\/04\/3-Tigela-de-pe.jpg\"><img loading=\"lazy\" decoding=\"async\" aria-describedby=\"caption-attachment-1244\" class=\"size-medium wp-image-1244\" src=\"http:\/\/www.cordeldeachados.com.br\/novo\/wp-content\/uploads\/2014\/04\/3-Tigela-de-pe-300x300.jpg\" alt=\"Imagem de Tigela de P\u00e9, para La Lampe\" width=\"300\" height=\"300\" srcset=\"http:\/\/www.cordeldeachados.com.br\/novo\/wp-content\/uploads\/2014\/04\/3-Tigela-de-pe-300x300.jpg 300w, http:\/\/www.cordeldeachados.com.br\/novo\/wp-content\/uploads\/2014\/04\/3-Tigela-de-pe-150x150.jpg 150w, http:\/\/www.cordeldeachados.com.br\/novo\/wp-content\/uploads\/2014\/04\/3-Tigela-de-pe.jpg 500w\" sizes=\"auto, (max-width: 300px) 100vw, 300px\" \/><\/a><p id=\"caption-attachment-1244\" class=\"wp-caption-text\">Tigela de P\u00e9, na La Lampe<\/p><\/div>\n<p>&nbsp;<\/p>\n<div id=\"attachment_1245\" style=\"width: 310px\" class=\"wp-caption aligncenter\"><a href=\"http:\/\/www.cordeldeachados.com.br\/novo\/wp-content\/uploads\/2014\/04\/CadeiraFlicker_07119101_1.jpg\"><img loading=\"lazy\" decoding=\"async\" aria-describedby=\"caption-attachment-1245\" class=\"size-medium wp-image-1245\" src=\"http:\/\/www.cordeldeachados.com.br\/novo\/wp-content\/uploads\/2014\/04\/CadeiraFlicker_07119101_1-300x288.jpg\" alt=\"Imagem de Cadeira Flicker, para Artefacto\" width=\"300\" height=\"288\" srcset=\"http:\/\/www.cordeldeachados.com.br\/novo\/wp-content\/uploads\/2014\/04\/CadeiraFlicker_07119101_1-300x288.jpg 300w, http:\/\/www.cordeldeachados.com.br\/novo\/wp-content\/uploads\/2014\/04\/CadeiraFlicker_07119101_1.jpg 500w\" sizes=\"auto, (max-width: 300px) 100vw, 300px\" \/><\/a><p id=\"caption-attachment-1245\" class=\"wp-caption-text\">Cadeira Flicker, na Artefacto. Fotos: Edison Garcia<\/p><\/div>\n<p>&nbsp;<\/p>\n<div id=\"attachment_1246\" style=\"width: 310px\" class=\"wp-caption aligncenter\"><a href=\"http:\/\/www.cordeldeachados.com.br\/novo\/wp-content\/uploads\/2014\/04\/CamaBrasiliaQueen_07116505_14.jpg\"><img loading=\"lazy\" decoding=\"async\" aria-describedby=\"caption-attachment-1246\" class=\"size-medium wp-image-1246\" src=\"http:\/\/www.cordeldeachados.com.br\/novo\/wp-content\/uploads\/2014\/04\/CamaBrasiliaQueen_07116505_14-300x196.jpg\" alt=\"Imagem de Cama Brasilia Queen, na Artefacto.\" width=\"300\" height=\"196\" srcset=\"http:\/\/www.cordeldeachados.com.br\/novo\/wp-content\/uploads\/2014\/04\/CamaBrasiliaQueen_07116505_14-300x196.jpg 300w, http:\/\/www.cordeldeachados.com.br\/novo\/wp-content\/uploads\/2014\/04\/CamaBrasiliaQueen_07116505_14.jpg 500w\" sizes=\"auto, (max-width: 300px) 100vw, 300px\" \/><\/a><p id=\"caption-attachment-1246\" class=\"wp-caption-text\">Cama Brasilia Queen, na Artefacto. Fotos: Edison Garcia<\/p><\/div>\n<p>&nbsp;<\/p>\n<div id=\"attachment_1247\" style=\"width: 310px\" class=\"wp-caption aligncenter\"><a href=\"http:\/\/www.cordeldeachados.com.br\/novo\/wp-content\/uploads\/2014\/04\/ChaiseLongLuka_II_05121219_2.jpg\"><img loading=\"lazy\" decoding=\"async\" aria-describedby=\"caption-attachment-1247\" class=\"size-medium wp-image-1247\" src=\"http:\/\/www.cordeldeachados.com.br\/novo\/wp-content\/uploads\/2014\/04\/ChaiseLongLuka_II_05121219_2-300x212.jpg\" alt=\"Imagem de Cadeira Long Luka II, na Artefacto. \" width=\"300\" height=\"212\" srcset=\"http:\/\/www.cordeldeachados.com.br\/novo\/wp-content\/uploads\/2014\/04\/ChaiseLongLuka_II_05121219_2-300x212.jpg 300w, http:\/\/www.cordeldeachados.com.br\/novo\/wp-content\/uploads\/2014\/04\/ChaiseLongLuka_II_05121219_2-400x284.jpg 400w, http:\/\/www.cordeldeachados.com.br\/novo\/wp-content\/uploads\/2014\/04\/ChaiseLongLuka_II_05121219_2.jpg 500w\" sizes=\"auto, (max-width: 300px) 100vw, 300px\" \/><\/a><p id=\"caption-attachment-1247\" class=\"wp-caption-text\">Cadeira Long Luka II, na Artefacto. Fotos: Edison Garcia<\/p><\/div>\n<p>&nbsp;<\/p>\n<div id=\"attachment_1248\" style=\"width: 310px\" class=\"wp-caption aligncenter\"><a href=\"http:\/\/www.cordeldeachados.com.br\/novo\/wp-content\/uploads\/2014\/04\/ComodaDrakeRoble_00118113_1.jpg\"><img loading=\"lazy\" decoding=\"async\" aria-describedby=\"caption-attachment-1248\" class=\"size-medium wp-image-1248\" src=\"http:\/\/www.cordeldeachados.com.br\/novo\/wp-content\/uploads\/2014\/04\/ComodaDrakeRoble_00118113_1-300x167.jpg\" alt=\"Imagem de Comoda Drake Roble, na Artefacto.\" width=\"300\" height=\"167\" srcset=\"http:\/\/www.cordeldeachados.com.br\/novo\/wp-content\/uploads\/2014\/04\/ComodaDrakeRoble_00118113_1-300x167.jpg 300w, http:\/\/www.cordeldeachados.com.br\/novo\/wp-content\/uploads\/2014\/04\/ComodaDrakeRoble_00118113_1.jpg 500w\" sizes=\"auto, (max-width: 300px) 100vw, 300px\" \/><\/a><p id=\"caption-attachment-1248\" class=\"wp-caption-text\">Comoda Drake Roble, na Artefacto. Fotos: Edison Garcia<\/p><\/div>\n<p>&nbsp;<\/p>\n<div id=\"attachment_1249\" style=\"width: 310px\" class=\"wp-caption aligncenter\"><a href=\"http:\/\/www.cordeldeachados.com.br\/novo\/wp-content\/uploads\/2014\/04\/ConjuntoPoltronaPuffJeff_2.jpg\"><img loading=\"lazy\" decoding=\"async\" aria-describedby=\"caption-attachment-1249\" class=\"size-medium wp-image-1249\" src=\"http:\/\/www.cordeldeachados.com.br\/novo\/wp-content\/uploads\/2014\/04\/ConjuntoPoltronaPuffJeff_2-300x199.jpg\" alt=\"Imagem de Conjunto Poltrona e Puff Jeff, na Artefacto.\" width=\"300\" height=\"199\" srcset=\"http:\/\/www.cordeldeachados.com.br\/novo\/wp-content\/uploads\/2014\/04\/ConjuntoPoltronaPuffJeff_2-300x199.jpg 300w, http:\/\/www.cordeldeachados.com.br\/novo\/wp-content\/uploads\/2014\/04\/ConjuntoPoltronaPuffJeff_2.jpg 500w\" sizes=\"auto, (max-width: 300px) 100vw, 300px\" \/><\/a><p id=\"caption-attachment-1249\" class=\"wp-caption-text\">Conjunto Poltrona e Puff Jeff, na Artefacto. Fotos: Edison Garcia<\/p><\/div>\n<p>&nbsp;<\/p>\n<div id=\"attachment_1250\" style=\"width: 310px\" class=\"wp-caption aligncenter\"><a href=\"http:\/\/www.cordeldeachados.com.br\/novo\/wp-content\/uploads\/2014\/04\/CriadoVita_05117077_1.jpg\"><img loading=\"lazy\" decoding=\"async\" aria-describedby=\"caption-attachment-1250\" class=\"size-medium wp-image-1250\" src=\"http:\/\/www.cordeldeachados.com.br\/novo\/wp-content\/uploads\/2014\/04\/CriadoVita_05117077_1-300x171.jpg\" alt=\"Imagem de Criado Vita, na Artefacto.\" width=\"300\" height=\"171\" srcset=\"http:\/\/www.cordeldeachados.com.br\/novo\/wp-content\/uploads\/2014\/04\/CriadoVita_05117077_1-300x171.jpg 300w, http:\/\/www.cordeldeachados.com.br\/novo\/wp-content\/uploads\/2014\/04\/CriadoVita_05117077_1.jpg 500w\" sizes=\"auto, (max-width: 300px) 100vw, 300px\" \/><\/a><p id=\"caption-attachment-1250\" class=\"wp-caption-text\">Criado Vita, na Artefacto. Fotos: Edison Garcia<\/p><\/div>\n<p>&nbsp;<\/p>\n<div id=\"attachment_1251\" style=\"width: 310px\" class=\"wp-caption aligncenter\"><a href=\"http:\/\/www.cordeldeachados.com.br\/novo\/wp-content\/uploads\/2014\/04\/MesaCentroAsher_05126595_1.jpg\"><img loading=\"lazy\" decoding=\"async\" aria-describedby=\"caption-attachment-1251\" class=\"size-medium wp-image-1251\" src=\"http:\/\/www.cordeldeachados.com.br\/novo\/wp-content\/uploads\/2014\/04\/MesaCentroAsher_05126595_1-300x100.jpg\" alt=\"Imagem de Mesa de Centro Asher, na Artefacto.\" width=\"300\" height=\"100\" srcset=\"http:\/\/www.cordeldeachados.com.br\/novo\/wp-content\/uploads\/2014\/04\/MesaCentroAsher_05126595_1-300x100.jpg 300w, http:\/\/www.cordeldeachados.com.br\/novo\/wp-content\/uploads\/2014\/04\/MesaCentroAsher_05126595_1.jpg 500w\" sizes=\"auto, (max-width: 300px) 100vw, 300px\" \/><\/a><p id=\"caption-attachment-1251\" class=\"wp-caption-text\">Mesa de Centro Asher, na Artefacto. Fotos: Edison Garcia<\/p><\/div>\n<p>&nbsp;<\/p>\n<div id=\"attachment_1252\" style=\"width: 310px\" class=\"wp-caption aligncenter\"><a href=\"http:\/\/www.cordeldeachados.com.br\/novo\/wp-content\/uploads\/2014\/04\/MesaLateralSmukkeGold_05125585_1.jpg\"><img loading=\"lazy\" decoding=\"async\" aria-describedby=\"caption-attachment-1252\" class=\"size-medium wp-image-1252\" src=\"http:\/\/www.cordeldeachados.com.br\/novo\/wp-content\/uploads\/2014\/04\/MesaLateralSmukkeGold_05125585_1-300x281.jpg\" alt=\"Imagem de Mesa lateral Smukke Gold, na Artefacto.\" width=\"300\" height=\"281\" srcset=\"http:\/\/www.cordeldeachados.com.br\/novo\/wp-content\/uploads\/2014\/04\/MesaLateralSmukkeGold_05125585_1-300x281.jpg 300w, http:\/\/www.cordeldeachados.com.br\/novo\/wp-content\/uploads\/2014\/04\/MesaLateralSmukkeGold_05125585_1.jpg 500w\" sizes=\"auto, (max-width: 300px) 100vw, 300px\" \/><\/a><p id=\"caption-attachment-1252\" class=\"wp-caption-text\">Mesa lateral Smukke Gold, na Artefacto. Fotos: Edison Garcia<\/p><\/div>\n<p>&nbsp;<\/p>\n<div id=\"attachment_1253\" style=\"width: 310px\" class=\"wp-caption aligncenter\"><a href=\"http:\/\/www.cordeldeachados.com.br\/novo\/wp-content\/uploads\/2014\/04\/PoltronaBrasilia_07129664_2.jpg\"><img loading=\"lazy\" decoding=\"async\" aria-describedby=\"caption-attachment-1253\" class=\"size-medium wp-image-1253\" src=\"http:\/\/www.cordeldeachados.com.br\/novo\/wp-content\/uploads\/2014\/04\/PoltronaBrasilia_07129664_2-300x273.jpg\" alt=\"Imagem de Poltrona Brasilia, na Artefacto.\" width=\"300\" height=\"273\" srcset=\"http:\/\/www.cordeldeachados.com.br\/novo\/wp-content\/uploads\/2014\/04\/PoltronaBrasilia_07129664_2-300x273.jpg 300w, http:\/\/www.cordeldeachados.com.br\/novo\/wp-content\/uploads\/2014\/04\/PoltronaBrasilia_07129664_2.jpg 500w\" sizes=\"auto, (max-width: 300px) 100vw, 300px\" \/><\/a><p id=\"caption-attachment-1253\" class=\"wp-caption-text\">Poltrona Brasilia, na Artefacto. Fotos: Edison Garcia<\/p><\/div>\n<p>&nbsp;<\/p>\n<div id=\"attachment_1254\" style=\"width: 310px\" class=\"wp-caption aligncenter\"><a href=\"http:\/\/www.cordeldeachados.com.br\/novo\/wp-content\/uploads\/2014\/04\/PoltronaSin_07129675_1.jpg\"><img loading=\"lazy\" decoding=\"async\" aria-describedby=\"caption-attachment-1254\" class=\"size-medium wp-image-1254\" src=\"http:\/\/www.cordeldeachados.com.br\/novo\/wp-content\/uploads\/2014\/04\/PoltronaSin_07129675_1-300x300.jpg\" alt=\"Imagem de Poltrona Sin, na Artefacto.\" width=\"300\" height=\"300\" srcset=\"http:\/\/www.cordeldeachados.com.br\/novo\/wp-content\/uploads\/2014\/04\/PoltronaSin_07129675_1-300x300.jpg 300w, http:\/\/www.cordeldeachados.com.br\/novo\/wp-content\/uploads\/2014\/04\/PoltronaSin_07129675_1-150x150.jpg 150w, http:\/\/www.cordeldeachados.com.br\/novo\/wp-content\/uploads\/2014\/04\/PoltronaSin_07129675_1.jpg 500w\" sizes=\"auto, (max-width: 300px) 100vw, 300px\" \/><\/a><p id=\"caption-attachment-1254\" class=\"wp-caption-text\">Poltrona Sin, na Artefacto. Fotos: Edison Garcia<\/p><\/div>\n","protected":false},"excerpt":{"rendered":"<p>Do est\u00fadio Nada Se Leva, escolhemos 14 pe\u00e7as para voc\u00ea curtir, namorar e levar para casa!<\/p>\n","protected":false},"author":1,"featured_media":0,"parent":0,"menu_order":0,"comment_status":"closed","ping_status":"closed","template":"","meta":{"_acf_changed":false,"footnotes":""},"class_list":["post-27","page","type-page","status-publish","hentry"],"acf":[],"_links":{"self":[{"href":"http:\/\/www.cordeldeachados.com.br\/novo\/wp-json\/wp\/v2\/pages\/27","targetHints":{"allow":["GET"]}}],"collection":[{"href":"http:\/\/www.cordeldeachados.com.br\/novo\/wp-json\/wp\/v2\/pages"}],"about":[{"href":"http:\/\/www.cordeldeachados.com.br\/novo\/wp-json\/wp\/v2\/types\/page"}],"author":[{"embeddable":true,"href":"http:\/\/www.cordeldeachados.com.br\/novo\/wp-json\/wp\/v2\/users\/1"}],"replies":[{"embeddable":true,"href":"http:\/\/www.cordeldeachados.com.br\/novo\/wp-json\/wp\/v2\/comments?post=27"}],"version-history":[{"count":17,"href":"http:\/\/www.cordeldeachados.com.br\/novo\/wp-json\/wp\/v2\/pages\/27\/revisions"}],"predecessor-version":[{"id":2651,"href":"http:\/\/www.cordeldeachados.com.br\/novo\/wp-json\/wp\/v2\/pages\/27\/revisions\/2651"}],"wp:attachment":[{"href":"http:\/\/www.cordeldeachados.com.br\/novo\/wp-json\/wp\/v2\/media?parent=27"}],"curies":[{"name":"wp","href":"https:\/\/api.w.org\/{rel}","templated":true}]}}