{"id":21,"date":"2014-04-01T14:57:37","date_gmt":"2014-04-01T14:57:37","guid":{"rendered":"http:\/\/cordeldeachados.com.br\/?page_id=21"},"modified":"2016-01-13T19:34:55","modified_gmt":"2016-01-13T19:34:55","slug":"o-cordel","status":"publish","type":"page","link":"http:\/\/www.cordeldeachados.com.br\/novo\/o-cordel\/","title":{"rendered":"O Cordel"},"content":{"rendered":"<p><div class=\"et_pb_section et_pb_fullwidth_section et_section_regular\" style='background-color:#ffffff;background-image:url(http:\/\/www.cordeldeachados.com.br\/novo\/wp-content\/uploads\/2014\/04\/header_contato.jpg);'>\n\n\t\t\t\n\n\t\t\t\n\n\t\t\t\t\n\n\t\t\t\t<section class=\"et_pb_fullwidth_header et_pb_bg_layout_light et_pb_text_align_left\">\n\n\t\t\t<div class=\"et_pb_row\">\n\n\t\t\t\t<h1><\/h1>\n\n\t\t\t\t\n\n\t\t\t<\/div>\n\n\t\t<\/section>\n\n\t\t\t\n\n\t\t<\/div> <!-- .et_pb_section --><div class=\"et_pb_section et_section_regular\">\n\n\t\t\t\n\n\t\t\t\n\n\t\t\t\t\n\n\t\t\t\t<div class=\"et_pb_row\">\n\n\t\t\t<div class=\"et_pb_column et_pb_column_4_4\">\n\n\t\t\t<div class=\"et_pb_text et_pb_bg_layout_light et_pb_text_align_center\">\n\n\t\t\t\n<h1>Conhe\u00e7a \u00a0o Cordel<\/h1>\n\n\n\t\t<\/div> <!-- .et_pb_text -->\n\n\t\t<\/div> <!-- .et_pb_column -->\n\n\t\t<\/div> <!-- .et_pb_row --><div class=\"et_pb_row\">\n\n\t\t\t<div class=\"et_pb_column et_pb_column_1_2\">\n\n\t\t\t<div class=\"et_pb_text et_pb_bg_layout_light et_pb_text_align_right\">\n\n\t\t\t\n<h3>O Cordel<\/h3>\n<p>Um site de achados de arquitetura, decora\u00e7\u00e3o, paisagismo e muito mais! Afinado com a tecnologia e o compromisso de garimpar o melhor da cultura e o modo de viver brasileiro. Um site dedicado \u00e0 morada e a seus moradores, cuja gra\u00e7a est\u00e1 em garimpar achados e compartilh\u00e1\u00ad-los na rede.<\/p>\n<h3>A Miss\u00e3o<\/h3>\n<p>Nossa miss\u00e3o \u00e9 dedicar o tempo e a experi\u00eancia adquiridos \u00e0 produ\u00e7\u00e3o de um site que agregue arquitetos, decoradores, designers, paisagistas, lojas, servi\u00e7os e internautas. Nossa inten\u00e7\u00e3o \u00e9 mostrar que o bem-\u00adestar e a qualidade de vida come\u00e7am dentro da pr\u00f3pria casa e deve estender-se at\u00e9 o trabalho. E creia: n\u00e3o importa se seu lar \u00e9 grande ou pequeno, simples ou luxuoso, o que vale \u00e9 encontrar nele uma casa com alma e cora\u00e7\u00e3o, para uma vida digna de ser sempre festejada.<\/p>\n\n\n\t\t<\/div> <!-- .et_pb_text -->\n\n\t\t<\/div> <!-- .et_pb_column --><div class=\"et_pb_column et_pb_column_1_2\">\n\n\t\t\t<div class=\"et_pb_text et_pb_bg_layout_light et_pb_text_align_left\">\n\n\t\t\t\n<h3>Uma nova forma de fazer jornalismo<\/h3>\n<p>De maneira criativa e ousada, queremos experimentar novas tecnologias e formas de fazer jornalismo. Com a mente aberta e atenta aos avan\u00e7os das novas m\u00eddias, buscamos o aprendizado constante, para transmitir, cada vez mais, o conte\u00fado de modo pr\u00e1tico, gostoso e descomplicado. &#8220;Como uma conversa entre bons amigos&#8221;. Nosso objetivo \u00e9 conectar pessoas, inspirar ideias, instigar solu\u00e7\u00f5es. Procuramos identificar o belo, independentemente de estilo ou moda. Sem impor tend\u00eancias, apenas refletindo o meio no qual vivemos.<\/p>\n\n\n\t\t<\/div> <!-- .et_pb_text -->\n\n\t\t<\/div> <!-- .et_pb_column -->\n\n\t\t<\/div> <!-- .et_pb_row --><div class=\"et_pb_row\">\n\n\t\t\t<div class=\"et_pb_column et_pb_column_4_4\">\n\n\t\t\t<img decoding=\"async\" id=\"linha_divisoria\" src=\"http:\/\/www.cordeldeachados.com.br\/novo\/wp-content\/uploads\/2014\/05\/linha_vermelha.png\" alt=\"\" class=\"et-waypoint et_pb_image et_pb_animation_top\" \/>\n\n\t\t<\/div> <!-- .et_pb_column -->\n\n\t\t<\/div> <!-- .et_pb_row --><div class=\"et_pb_row\">\n\n\t\t\t<div class=\"et_pb_column et_pb_column_4_4\">\n\n\t\t\t<div class=\"et_pb_text et_pb_bg_layout_light et_pb_text_align_center\">\n\n\t\t\t\n<h1>Quem Faz o Cordel<\/h1>\n\n\n\t\t<\/div> <!-- .et_pb_text -->\n\n\t\t<\/div> <!-- .et_pb_column -->\n\n\t\t<\/div> <!-- .et_pb_row --><div class=\"et_pb_row\">\n\n\t\t\t<div class=\"et_pb_column et_pb_column_1_2\">\n\n\t\t\t<div class=\"et_pb_blurb et_pb_bg_layout_light et_pb_text_align_right perfil_cida et_pb_blurb_position_top\">\n\n\t\t\t<div class=\"et_pb_blurb_content\">\n\n\t\t\t\t<div class=\"et_pb_main_blurb_image\"><img decoding=\"async\" src=\"http:\/\/www.cordeldeachados.com.br\/novo\/wp-content\/uploads\/2015\/08\/AB_IMG_6593-e1439218239978.jpg\" alt=\"Imagem cida barros - cordel de achados, foto adriana barbosa\" class=\"et-waypoint et_pb_animation_top\" \/><\/div>\n\n\t\t\t\t<h4>Foto: Adriana Barbosa<\/h4>\n\n\t\t\t\t\n\n\t\t\t<\/div> <!-- .et_pb_blurb_content -->\n\n\t\t<\/div> <!-- .et_pb_blurb -->\n\n\t\t<\/div> <!-- .et_pb_column --><div class=\"et_pb_column et_pb_column_1_2\">\n\n\t\t\t<div class=\"et_pb_text et_pb_bg_layout_light et_pb_text_align_left\">\n\n\t\t\t\n<p>&nbsp;<\/p>\n<p>&nbsp;<\/p>\n<p>&nbsp;<\/p>\n<p>&nbsp;<\/p>\n<h3>Cida Barros<\/h3>\n<p>Pernambucana de nascen\u00e7a, paulista de cora\u00e7\u00e3o, graduei-me em Comunica\u00e7\u00e3o Social na Universidade Cat\u00f3lica de Pernambuco (Unicap), no Recife. Muito cedo, troquei as praias nordestinas por S\u00e3o Paulo, a grande metr\u00f3pole, mas todos os anos viajo \u00e0 terrinha para reciclar as ideias e o sotaque. L\u00e1, trabalhei na TV Pernambuco\/ TV Cultura e R\u00e1dio Clube de Pernambuco.<\/p>\n<p>Aqui, estive \u00e0 frente das publica\u00e7\u00f5es corporativas Office e Facility, da Editora Flex, escrevi e editei dezenas de revistas da Editora On Line, entre elas a Casa &amp; Decora\u00e7\u00e3o e Casa &amp; Ambiente Beb\u00ea, e tamb\u00e9m fui editora da plataforma AEC web, de engenharia, arquitetura e constru\u00e7\u00e3o.<\/p>\n<p>Em tempos revoltos, com o segmento da informa\u00e7\u00e3o vivendo uma mudan\u00e7a estrutural, acredito no poder do novo jornalismo: conectado, inteligente, alinhado \u00e0 compreens\u00e3o de dados e comprometido em sempre encontrar as v\u00e1rias maneira de dar a not\u00edcia, engajar o p\u00fablico e disseminar ao m\u00e1ximo o conte\u00fado.<\/p>\n<p>Acredito no poder do novo jornalista: um profissional multitarefa capaz de unir as v\u00e1rias m\u00eddias tradicionais &#8211; r\u00e1dio, TV, jornal, revista, fotojornalismo&#8230; &#8211; em torno de uma not\u00edcia, em uma mesma plataforma, a internet. Trata-se de uma nova gera\u00e7\u00e3o disposta a ser, tamb\u00e9m, um desenvolvedor de software, um designer de conte\u00fado e um ex\u00edmio agregador de conte\u00fado editorial de valor.<\/p>\n<p>E acredito, acima de tudo, no acesso gratuito \u00e0 informa\u00e7\u00e3o como poderosa ferramenta para para transformar vidas.<\/p>\n<p>&nbsp;<\/p>\n\n\n\t\t<\/div> <!-- .et_pb_text -->\n\n\t\t<\/div> <!-- .et_pb_column -->\n\n\t\t<\/div> <!-- .et_pb_row -->\n\n\t\t\t\n\n\t\t<\/div> <!-- .et_pb_section --><\/p>\n","protected":false},"excerpt":{"rendered":"","protected":false},"author":1,"featured_media":0,"parent":0,"menu_order":0,"comment_status":"closed","ping_status":"closed","template":"","meta":{"_acf_changed":false,"footnotes":""},"class_list":["post-21","page","type-page","status-publish","hentry"],"acf":[],"_links":{"self":[{"href":"http:\/\/www.cordeldeachados.com.br\/novo\/wp-json\/wp\/v2\/pages\/21","targetHints":{"allow":["GET"]}}],"collection":[{"href":"http:\/\/www.cordeldeachados.com.br\/novo\/wp-json\/wp\/v2\/pages"}],"about":[{"href":"http:\/\/www.cordeldeachados.com.br\/novo\/wp-json\/wp\/v2\/types\/page"}],"author":[{"embeddable":true,"href":"http:\/\/www.cordeldeachados.com.br\/novo\/wp-json\/wp\/v2\/users\/1"}],"replies":[{"embeddable":true,"href":"http:\/\/www.cordeldeachados.com.br\/novo\/wp-json\/wp\/v2\/comments?post=21"}],"version-history":[{"count":24,"href":"http:\/\/www.cordeldeachados.com.br\/novo\/wp-json\/wp\/v2\/pages\/21\/revisions"}],"predecessor-version":[{"id":3150,"href":"http:\/\/www.cordeldeachados.com.br\/novo\/wp-json\/wp\/v2\/pages\/21\/revisions\/3150"}],"wp:attachment":[{"href":"http:\/\/www.cordeldeachados.com.br\/novo\/wp-json\/wp\/v2\/media?parent=21"}],"curies":[{"name":"wp","href":"https:\/\/api.w.org\/{rel}","templated":true}]}}